{"id":11,"date":"2025-01-05T12:46:48","date_gmt":"2025-01-05T12:46:48","guid":{"rendered":"https:\/\/hallitustaito.fi\/?page_id=11"},"modified":"2026-04-16T09:07:57","modified_gmt":"2026-04-16T07:07:57","slug":"hallitustaito","status":"publish","type":"page","link":"https:\/\/hallitustaito.fi\/","title":{"rendered":"Hallitusty\u00f6n ja vuorovaikutuksen kehitt\u00e4misen kumppani"},"content":{"rendered":"\n<div class=\"wp-block-uagb-container uagb-block-aojbyvf6 alignfull uagb-is-root-container\">\n<div class=\"wp-block-uagb-container uagb-block-b7n2vjqa\">\n<div class=\"wp-block-uagb-info-box uagb-block-th02r3gx uagb-infobox__content-wrap  uagb-infobox-icon-above-title uagb-infobox-image-valign-top\"><div class=\"uagb-ifb-content\"><div class=\"uagb-ifb-title-wrap\"><h1 class=\"uagb-ifb-title\">Hallitustaidosta l\u00f6yd\u00e4t ratkaisut hallitusty\u00f6n kehitt\u00e4mistarpeisiin<br><\/h1><\/div><p class=\"uagb-ifb-desc\">HALLITUSTAIDON YHTEYSTIEDOT<\/p><\/div><\/div>\n\n\n\n<div class=\"wp-block-uagb-buttons uagb-buttons__outer-wrap uagb-btn__default-btn uagb-btn-tablet__default-btn uagb-btn-mobile__default-btn uagb-block-ys9fd6gl\"><div class=\"uagb-buttons__wrap uagb-buttons-layout-wrap \">\n<div class=\"wp-block-uagb-buttons-child uagb-buttons__outer-wrap uagb-block-5q9wpvtx wp-block-button\"><div class=\"uagb-button__wrapper\"><a class=\"uagb-buttons-repeater wp-block-button__link\" aria-label=\"\" href=\"#\" rel=\"follow noopener\" target=\"_self\" role=\"button\"><div class=\"uagb-button__link\">Soita tai laita viesti<br>+358 44 7161895<\/div><\/a><\/div><\/div>\n<\/div><\/div>\n<\/div>\n\n\n\n<div class=\"wp-block-uagb-image uagb-block-d6bf4d9b wp-block-uagb-image--layout-default wp-block-uagb-image--effect-static wp-block-uagb-image--align-none\"><figure class=\"wp-block-uagb-image__figure\"><a class=\"\" href=\"https:\/\/hallitustaito.fi\/wp-content\/uploads\/2025\/01\/Place-des-Arts-019-scaled-e1737034176841.jpg\" target=\"\" rel=\"noopener\"><img decoding=\"async\" srcset=\"https:\/\/hallitustaito.fi\/wp-content\/uploads\/2025\/01\/Place-des-Arts-019-1024x819.jpg ,https:\/\/hallitustaito.fi\/wp-content\/uploads\/2025\/01\/Place-des-Arts-019-scaled-e1737034176841.jpg 780w, https:\/\/hallitustaito.fi\/wp-content\/uploads\/2025\/01\/Place-des-Arts-019-scaled-e1737034176841.jpg 360w\" sizes=\"auto, (max-width: 480px) 150px\" src=\"https:\/\/hallitustaito.fi\/wp-content\/uploads\/2025\/01\/Place-des-Arts-019-1024x819.jpg\" alt=\"\" class=\"uag-image-190\" width=\"800\" height=\"450\" title=\"Place-des-Arts-019\" loading=\"lazy\" role=\"img\"\/><\/a><\/figure><\/div>\n<\/div>\n\n\n\n<p><\/p>\n\n\n\n<div class=\"wp-block-uagb-container uagb-block-e7meotax alignfull uagb-is-root-container\"><div class=\"uagb-container-inner-blocks-wrap\">\n<div class=\"wp-block-uagb-info-box uagb-block-0ezu5dca uagb-infobox__content-wrap  uagb-infobox-icon-above-title uagb-infobox-image-valign-top wp-block-uagb-info-box--has-margin\"><div class=\"uagb-infobox-margin-wrapper\"><div class=\"uagb-ifb-content\"><div class=\"uagb-ifb-title-wrap\"><p class=\"uagb-ifb-title-prefix\">HALLITUSTAIDON SYNTY<\/p><\/div><p class=\"uagb-ifb-desc\">Ajatus Hallitustaidosta syntyi huomiosta, ett\u00e4 hallituksissa aikaa k\u00e4ytettiin liian v\u00e4h\u00e4n keskusteluun tulevaisuudesta.  Kolmen tunnin kokouksesta kuinka monta minuuttia puhutaan tulevaisuudesta, kuinka monta puheenvuoroa k\u00e4ytet\u00e4\u00e4n p\u00e4\u00e4t\u00f6sten linkittymist\u00e4 strategiaan? Oli kyse mist\u00e4 hallituksesta tahansa aikaa k\u00e4ytet\u00e4\u00e4n usein liian paljon nykyhetkeen ja eiliseen. Mik\u00e4 onkaan parempi ajan mittaamisen v\u00e4line kuin kello.  Kello kertoo k\u00e4yt\u00e4mmek\u00f6 aikamme kokouksissa oikeisiin asioihin.  Hallitustaito tarjoaa valmennusta hallituksille, hallitusten puheenjohtajille ja yksitt\u00e4isille hallituksen j\u00e4senille, jotta aika k\u00e4ytet\u00e4\u00e4n siihen mihin se kulloinkin on tarkoituksenmukaista k\u00e4ytt\u00e4\u00e4. Tilanteet ja hetket muuttuvat eik\u00e4 voida sanoa yht\u00e4 oikeaa ajank\u00e4yt\u00f6n jakaumaa, mutta useimmat meist\u00e4 tiet\u00e4v\u00e4t ja tuntevat keskustelut, jotka eiv\u00e4t palvele tulevaisuutta eiv\u00e4tk\u00e4 strategiaa. Hallitustaito auttaa hallituksia kehitt\u00e4m\u00e4\u00e4n vuorovaikutustaan siten, ett\u00e4 keskustelut suuntautuvat enemm\u00e4n tulevaan ja p\u00e4\u00e4t\u00f6ksenteko linkittyy paremmin strategiaan.<br><br>Totuus ja mielipiteet ajank\u00e4yt\u00f6st\u00e4 eiv\u00e4t aina kohtaa, kello kertoo totuuden. Kolmen tunnin kokouksesta, kuinka monta minuuttia kukin hallituksen j\u00e4sen k\u00e4ytt\u00e4\u00e4, kuinka monta minuuttia puhutaan tulevaisuudesta ja kuinka monta puheenvuoroa k\u00e4ytett\u00e4\u00e4n p\u00e4\u00e4t\u00f6sten linkityksest\u00e4 strategiaan,  tuottavatko k\u00e4ytetyt minuutit lis\u00e4arvoa ? Onko ajank\u00e4ytt\u00f6 tasapainossa ja toimiiko hallituksen vuorovaikutus ? Kun haluat kehitt\u00e4\u00e4 hallituksen ajank\u00e4ytt\u00f6\u00e4 ja vuorovaikutusta, ota yhteytt\u00e4 <\/p><\/div><\/div><\/div>\n<\/div><\/div>\n\n\n\n<p><\/p>\n","protected":false},"excerpt":{"rendered":"","protected":false},"author":1,"featured_media":0,"parent":0,"menu_order":0,"comment_status":"closed","ping_status":"closed","template":"","meta":{"_uag_custom_page_level_css":"","_monsterinsights_skip_tracking":false,"_monsterinsights_sitenote_active":false,"_monsterinsights_sitenote_note":"","_monsterinsights_sitenote_category":0,"site-sidebar-layout":"default","site-content-layout":"","ast-site-content-layout":"normal-width-container","site-content-style":"default","site-sidebar-style":"default","ast-global-header-display":"","ast-banner-title-visibility":"","ast-main-header-display":"","ast-hfb-above-header-display":"","ast-hfb-below-header-display":"","ast-hfb-mobile-header-display":"","site-post-title":"","ast-breadcrumbs-content":"","ast-featured-img":"","footer-sml-layout":"","ast-disable-related-posts":"","theme-transparent-header-meta":"","adv-header-id-meta":"","stick-header-meta":"","header-above-stick-meta":"","header-main-stick-meta":"","header-below-stick-meta":"","astra-migrate-meta-layouts":"default","ast-page-background-enabled":"default","ast-page-background-meta":{"desktop":{"background-color":"var(--ast-global-color-5)","background-image":"","background-repeat":"repeat","background-position":"center center","background-size":"auto","background-attachment":"scroll","background-type":"","background-media":"","overlay-type":"","overlay-color":"","overlay-opacity":"","overlay-gradient":""},"tablet":{"background-color":"","background-image":"","background-repeat":"repeat","background-position":"center center","background-size":"auto","background-attachment":"scroll","background-type":"","background-media":"","overlay-type":"","overlay-color":"","overlay-opacity":"","overlay-gradient":""},"mobile":{"background-color":"","background-image":"","background-repeat":"repeat","background-position":"center center","background-size":"auto","background-attachment":"scroll","background-type":"","background-media":"","overlay-type":"","overlay-color":"","overlay-opacity":"","overlay-gradient":""}},"ast-content-background-meta":{"desktop":{"background-color":"var(--ast-global-color-4)","background-image":"","background-repeat":"repeat","background-position":"center center","background-size":"auto","background-attachment":"scroll","background-type":"","background-media":"","overlay-type":"","overlay-color":"","overlay-opacity":"","overlay-gradient":""},"tablet":{"background-color":"var(--ast-global-color-4)","background-image":"","background-repeat":"repeat","background-position":"center center","background-size":"auto","background-attachment":"scroll","background-type":"","background-media":"","overlay-type":"","overlay-color":"","overlay-opacity":"","overlay-gradient":""},"mobile":{"background-color":"var(--ast-global-color-4)","background-image":"","background-repeat":"repeat","background-position":"center center","background-size":"auto","background-attachment":"scroll","background-type":"","background-media":"","overlay-type":"","overlay-color":"","overlay-opacity":"","overlay-gradient":""}},"footnotes":""},"class_list":["post-11","page","type-page","status-publish","hentry"],"aioseo_notices":[],"uagb_featured_image_src":{"full":false,"thumbnail":false,"medium":false,"medium_large":false,"large":false,"1536x1536":false,"2048x2048":false},"uagb_author_info":{"display_name":"admin","author_link":"https:\/\/hallitustaito.fi\/index.php\/author\/admin\/"},"uagb_comment_info":0,"uagb_excerpt":null,"_links":{"self":[{"href":"https:\/\/hallitustaito.fi\/index.php\/wp-json\/wp\/v2\/pages\/11","targetHints":{"allow":["GET"]}}],"collection":[{"href":"https:\/\/hallitustaito.fi\/index.php\/wp-json\/wp\/v2\/pages"}],"about":[{"href":"https:\/\/hallitustaito.fi\/index.php\/wp-json\/wp\/v2\/types\/page"}],"author":[{"embeddable":true,"href":"https:\/\/hallitustaito.fi\/index.php\/wp-json\/wp\/v2\/users\/1"}],"replies":[{"embeddable":true,"href":"https:\/\/hallitustaito.fi\/index.php\/wp-json\/wp\/v2\/comments?post=11"}],"version-history":[{"count":46,"href":"https:\/\/hallitustaito.fi\/index.php\/wp-json\/wp\/v2\/pages\/11\/revisions"}],"predecessor-version":[{"id":386,"href":"https:\/\/hallitustaito.fi\/index.php\/wp-json\/wp\/v2\/pages\/11\/revisions\/386"}],"wp:attachment":[{"href":"https:\/\/hallitustaito.fi\/index.php\/wp-json\/wp\/v2\/media?parent=11"}],"curies":[{"name":"wp","href":"https:\/\/api.w.org\/{rel}","templated":true}]}}