{"id":85,"date":"2025-01-05T21:44:20","date_gmt":"2025-01-05T21:44:20","guid":{"rendered":"https:\/\/hallitustaito.fi\/?page_id=85"},"modified":"2026-03-11T19:50:18","modified_gmt":"2026-03-11T17:50:18","slug":"yhtioiden-hallitukset","status":"publish","type":"page","link":"https:\/\/hallitustaito.fi\/index.php\/yhtioiden-hallitukset\/","title":{"rendered":"Yhti\u00f6iden hallitukset"},"content":{"rendered":"\n<div class=\"wp-block-uagb-container uagb-block-123ntcpr alignfull uagb-is-root-container\">\n<div class=\"wp-block-uagb-container uagb-block-mmy9btp6\">\n<div class=\"wp-block-uagb-info-box uagb-block-njby4u7o uagb-infobox__content-wrap  uagb-infobox-icon-above-title uagb-infobox-image-valign-top\"><div class=\"uagb-ifb-content\"><div class=\"uagb-ifb-title-wrap\"><h1 class=\"uagb-ifb-title\">Yhti\u00f6iden hallitukset<\/h1><\/div><p class=\"uagb-ifb-desc\">Yhti\u00f6n hallituksella on muutama perusteht\u00e4v\u00e4. Yhti\u00f6n johdon kannustus-, valvonta- ja ohjausteht\u00e4v\u00e4t sek\u00e4 strategiasta p\u00e4\u00e4tt\u00e4minen. Helpommin sanottu kuin tehty. Muita hallituksen keskeisi\u00e4 teht\u00e4vi\u00e4 on pit\u00e4\u00e4 yll\u00e4 enemm\u00e4n puhetta tulevasta kuin menneest\u00e4 ja varmistaa, ett\u00e4 hallitus tuottaa aidosti lis\u00e4arvoa yhti\u00f6lle.<br><br>Kun haluat kehitt\u00e4\u00e4 yhti\u00f6si hallitusty\u00f6t\u00e4 ja parantaa hallitustaitoja, niin ota yhteytt\u00e4 +358 44 7161895<\/p><\/div><\/div>\n<\/div>\n\n\n\n<figure class=\"wp-block-image size-large\"><img loading=\"lazy\" decoding=\"async\" width=\"1024\" height=\"681\" src=\"https:\/\/hallitustaito.fi\/wp-content\/uploads\/2025\/01\/the-rubber-3382104-1024x681.jpg\" alt=\"\" class=\"wp-image-48\"\/><\/figure>\n<\/div>\n\n\n\n<p><\/p>\n\n\n\n<div class=\"wp-block-uagb-container uagb-block-t1aaxhb0 alignfull uagb-is-root-container\"><div class=\"uagb-container-inner-blocks-wrap\">\n<div class=\"wp-block-uagb-info-box uagb-block-h8lp2qxp uagb-infobox__content-wrap  uagb-infobox-icon-above-title uagb-infobox-image-valign-top wp-block-uagb-info-box--has-margin\"><div class=\"uagb-infobox-margin-wrapper\"><div class=\"uagb-ifb-content\"><div class=\"uagb-ifb-title-wrap\"><p class=\"uagb-ifb-title-prefix\">Millaisia tuloksia olemme saaneet yhti\u00f6iden hallitusten kehitt\u00e4misesss\u00e4<\/p><\/div><p class=\"uagb-ifb-desc\">Hallitustaidon juuret ovat ajank\u00e4yt\u00f6n mittaamisessa ja kehitt\u00e4misess\u00e4. Keskeinen kysymys on; k\u00e4yt\u00e4mmek\u00f6 aikamme siihen mihin pit\u00e4\u00e4 ja mihin haluamme sen k\u00e4ytt\u00e4\u00e4. Hallitustaito syntyi huomiosta, ett\u00e4 hallituksissa ei k\u00e4ytetty aikaa riitt\u00e4v\u00e4sti puheeseen ja p\u00e4\u00e4t\u00f6ksiin tulevaisuudesta ja strategiasta.<\/p><\/div><\/div><\/div>\n<\/div><\/div>\n","protected":false},"excerpt":{"rendered":"","protected":false},"author":1,"featured_media":0,"parent":0,"menu_order":0,"comment_status":"closed","ping_status":"closed","template":"","meta":{"_uag_custom_page_level_css":"","_monsterinsights_skip_tracking":false,"_monsterinsights_sitenote_active":false,"_monsterinsights_sitenote_note":"","_monsterinsights_sitenote_category":0,"site-sidebar-layout":"default","site-content-layout":"","ast-site-content-layout":"default","site-content-style":"default","site-sidebar-style":"default","ast-global-header-display":"","ast-banner-title-visibility":"","ast-main-header-display":"","ast-hfb-above-header-display":"","ast-hfb-below-header-display":"","ast-hfb-mobile-header-display":"","site-post-title":"","ast-breadcrumbs-content":"","ast-featured-img":"","footer-sml-layout":"","ast-disable-related-posts":"","theme-transparent-header-meta":"","adv-header-id-meta":"","stick-header-meta":"","header-above-stick-meta":"","header-main-stick-meta":"","header-below-stick-meta":"","astra-migrate-meta-layouts":"default","ast-page-background-enabled":"default","ast-page-background-meta":{"desktop":{"background-color":"var(--ast-global-color-5)","background-image":"","background-repeat":"repeat","background-position":"center center","background-size":"auto","background-attachment":"scroll","background-type":"","background-media":"","overlay-type":"","overlay-color":"","overlay-opacity":"","overlay-gradient":""},"tablet":{"background-color":"","background-image":"","background-repeat":"repeat","background-position":"center center","background-size":"auto","background-attachment":"scroll","background-type":"","background-media":"","overlay-type":"","overlay-color":"","overlay-opacity":"","overlay-gradient":""},"mobile":{"background-color":"","background-image":"","background-repeat":"repeat","background-position":"center center","background-size":"auto","background-attachment":"scroll","background-type":"","background-media":"","overlay-type":"","overlay-color":"","overlay-opacity":"","overlay-gradient":""}},"ast-content-background-meta":{"desktop":{"background-color":"var(--ast-global-color-4)","background-image":"","background-repeat":"repeat","background-position":"center center","background-size":"auto","background-attachment":"scroll","background-type":"","background-media":"","overlay-type":"","overlay-color":"","overlay-opacity":"","overlay-gradient":""},"tablet":{"background-color":"var(--ast-global-color-4)","background-image":"","background-repeat":"repeat","background-position":"center center","background-size":"auto","background-attachment":"scroll","background-type":"","background-media":"","overlay-type":"","overlay-color":"","overlay-opacity":"","overlay-gradient":""},"mobile":{"background-color":"var(--ast-global-color-4)","background-image":"","background-repeat":"repeat","background-position":"center center","background-size":"auto","background-attachment":"scroll","background-type":"","background-media":"","overlay-type":"","overlay-color":"","overlay-opacity":"","overlay-gradient":""}},"footnotes":""},"class_list":["post-85","page","type-page","status-publish","hentry"],"aioseo_notices":[],"uagb_featured_image_src":{"full":false,"thumbnail":false,"medium":false,"medium_large":false,"large":false,"1536x1536":false,"2048x2048":false},"uagb_author_info":{"display_name":"admin","author_link":"https:\/\/hallitustaito.fi\/index.php\/author\/admin\/"},"uagb_comment_info":0,"uagb_excerpt":null,"_links":{"self":[{"href":"https:\/\/hallitustaito.fi\/index.php\/wp-json\/wp\/v2\/pages\/85","targetHints":{"allow":["GET"]}}],"collection":[{"href":"https:\/\/hallitustaito.fi\/index.php\/wp-json\/wp\/v2\/pages"}],"about":[{"href":"https:\/\/hallitustaito.fi\/index.php\/wp-json\/wp\/v2\/types\/page"}],"author":[{"embeddable":true,"href":"https:\/\/hallitustaito.fi\/index.php\/wp-json\/wp\/v2\/users\/1"}],"replies":[{"embeddable":true,"href":"https:\/\/hallitustaito.fi\/index.php\/wp-json\/wp\/v2\/comments?post=85"}],"version-history":[{"count":10,"href":"https:\/\/hallitustaito.fi\/index.php\/wp-json\/wp\/v2\/pages\/85\/revisions"}],"predecessor-version":[{"id":380,"href":"https:\/\/hallitustaito.fi\/index.php\/wp-json\/wp\/v2\/pages\/85\/revisions\/380"}],"wp:attachment":[{"href":"https:\/\/hallitustaito.fi\/index.php\/wp-json\/wp\/v2\/media?parent=85"}],"curies":[{"name":"wp","href":"https:\/\/api.w.org\/{rel}","templated":true}]}}